{"id":92,"date":"2024-01-15T12:45:03","date_gmt":"2024-01-15T11:45:03","guid":{"rendered":"https:\/\/cantikalchimie.com\/?page_id=92"},"modified":"2024-01-25T16:48:30","modified_gmt":"2024-01-25T15:48:30","slug":"savoir","status":"publish","type":"page","link":"https:\/\/cantikalchimie.com\/index.php\/savoir\/","title":{"rendered":"Savoir+"},"content":{"rendered":"\t\t<div data-elementor-type=\"wp-page\" data-elementor-id=\"92\" class=\"elementor elementor-92\">\n\t\t\t\t<div class=\"elementor-element elementor-element-25439c3 e-flex e-con-boxed wpr-particle-no wpr-jarallax-no wpr-parallax-no wpr-sticky-section-no e-con e-parent\" data-id=\"25439c3\" data-element_type=\"container\" data-settings=\"{&quot;container_type&quot;:&quot;flex&quot;,&quot;content_width&quot;:&quot;boxed&quot;}\" data-core-v316-plus=\"true\">\n\t\t\t\t\t<div class=\"e-con-inner\">\n\t\t\t\t<div class=\"elementor-element elementor-element-bff0cbf elementor-widget elementor-widget-spacer\" data-id=\"bff0cbf\" data-element_type=\"widget\" data-widget_type=\"spacer.default\">\n\t\t\t\t<div class=\"elementor-widget-container\">\n\t\t\t<style>\/*! elementor - v3.19.0 - 07-02-2024 *\/\n.elementor-column .elementor-spacer-inner{height:var(--spacer-size)}.e-con{--container-widget-width:100%}.e-con-inner>.elementor-widget-spacer,.e-con>.elementor-widget-spacer{width:var(--container-widget-width,var(--spacer-size));--align-self:var(--container-widget-align-self,initial);--flex-shrink:0}.e-con-inner>.elementor-widget-spacer>.elementor-widget-container,.e-con>.elementor-widget-spacer>.elementor-widget-container{height:100%;width:100%}.e-con-inner>.elementor-widget-spacer>.elementor-widget-container>.elementor-spacer,.e-con>.elementor-widget-spacer>.elementor-widget-container>.elementor-spacer{height:100%}.e-con-inner>.elementor-widget-spacer>.elementor-widget-container>.elementor-spacer>.elementor-spacer-inner,.e-con>.elementor-widget-spacer>.elementor-widget-container>.elementor-spacer>.elementor-spacer-inner{height:var(--container-widget-height,var(--spacer-size))}.e-con-inner>.elementor-widget-spacer.elementor-widget-empty,.e-con>.elementor-widget-spacer.elementor-widget-empty{position:relative;min-height:22px;min-width:22px}.e-con-inner>.elementor-widget-spacer.elementor-widget-empty .elementor-widget-empty-icon,.e-con>.elementor-widget-spacer.elementor-widget-empty .elementor-widget-empty-icon{position:absolute;top:0;bottom:0;left:0;right:0;margin:auto;padding:0;width:22px;height:22px}<\/style>\t\t<div class=\"elementor-spacer\">\n\t\t\t<div class=\"elementor-spacer-inner\"><\/div>\n\t\t<\/div>\n\t\t\t\t<\/div>\n\t\t\t\t<\/div>\n\t\t\t\t\t<\/div>\n\t\t\t\t<\/div>\n\t\t<div class=\"elementor-element elementor-element-353d21e e-flex e-con-boxed wpr-particle-no wpr-jarallax-no wpr-parallax-no wpr-sticky-section-no e-con e-parent\" data-id=\"353d21e\" data-element_type=\"container\" data-settings=\"{&quot;container_type&quot;:&quot;flex&quot;,&quot;content_width&quot;:&quot;boxed&quot;}\" data-core-v316-plus=\"true\">\n\t\t\t\t\t<div class=\"e-con-inner\">\n\t\t\t\t<div class=\"elementor-element elementor-element-b869338 elementor-widget elementor-widget-text-editor\" data-id=\"b869338\" data-element_type=\"widget\" data-widget_type=\"text-editor.default\">\n\t\t\t\t<div class=\"elementor-widget-container\">\n\t\t\t<style>\/*! elementor - v3.19.0 - 07-02-2024 *\/\n.elementor-widget-text-editor.elementor-drop-cap-view-stacked .elementor-drop-cap{background-color:#69727d;color:#fff}.elementor-widget-text-editor.elementor-drop-cap-view-framed .elementor-drop-cap{color:#69727d;border:3px solid;background-color:transparent}.elementor-widget-text-editor:not(.elementor-drop-cap-view-default) .elementor-drop-cap{margin-top:8px}.elementor-widget-text-editor:not(.elementor-drop-cap-view-default) .elementor-drop-cap-letter{width:1em;height:1em}.elementor-widget-text-editor .elementor-drop-cap{float:left;text-align:center;line-height:1;font-size:50px}.elementor-widget-text-editor .elementor-drop-cap-letter{display:inline-block}<\/style>\t\t\t\t<p class=\"p2\"><span class=\"s1\"><b>ORIGINE DU BOIS P\u00c9TRIFI\u00c9<\/b><\/span><\/p><p class=\"p2\"><span class=\"s1\">Ce vestige de l\u2019histoire de notre plan\u00e8te remonte \u00e0 quelques 200 millions d\u2019ann\u00e9es. Des temps anciens ou l&rsquo;unique continent se nommait Pangea, peupl\u00e9 des premiers dinosaures et de for\u00eats d&rsquo;arbres g\u00e9ants .<\/span><\/p><p class=\"p2\"><span class=\"s1\">Une alchimie entre le bois, l&rsquo;eau, les \u00e9ruptions volcaniques, les min\u00e9raux et l&rsquo;\u00e9rosion .<\/span><\/p><p class=\"p2\"><span class=\"s1\">La p\u00e9trification du bois est un processus qui d\u00e9marre sous terre lorsque le bois est enseveli sous une \u00e9paisse couche de s\u00e9diments. En \u00e9tant sous terre et coup\u00e9 de toute source d&rsquo;oxyg\u00e8ne, le bois absorbe petit \u00e0 petit l&rsquo;eau riche en min\u00e9raux et cela entra\u00eene une cristallisation de ses cellules.<\/span><\/p><p class=\"p2\"><span class=\"s1\">Ainsi, ces arbres fossiles ne sont plus constitu\u00e9s de bois, ils sont \u00e0 pr\u00e9sent constitu\u00e9s de silicates, c\u2019est-\u00e0-dire de quartz. C\u2019est ce qu\u2019on appelle la silification. On trouve ainsi des cavit\u00e9s remplies d\u2019agate, d\u2019autres de citrine, ou encore d\u2019opale, d\u2019am\u00e9thyste ou de calc\u00e9doine. Les couleurs obtenues sont ainsi sp\u00e9cifiques \u00e0 chaque arbre, selon son parcours, son tronc, sa forme, son poids, son enfouissement.<\/span><\/p><p class=\"p2\"><span class=\"s1\">Sur une \u00e9chelle de 1 (le talc) \u00e0 10 (le diamant) les arbres silicifi\u00e9s ont une duret\u00e9 de 7 et se situent entre le granit et les pierres pr\u00e9cieuses<\/span><\/p><p class=\"p2\"><span class=\"s1\">Les amateurs de lithoth\u00e9rapie appr\u00e9cieront les vertus de \u00ab la pierre de la sagesse \u00bb<\/span><\/p><p class=\"p2\"><span class=\"s1\">On trouve des gisements dans plusieurs parties du monde et malgr\u00e9 son extraordinaire provenance, c&rsquo;est un produit abondant. Toute la magie est sublim\u00e9e par le savoir-faire des artisans qui transforment la mati\u00e8re brute .<\/span><\/p>\t\t\t\t\t\t<\/div>\n\t\t\t\t<\/div>\n\t\t\t\t\t<\/div>\n\t\t\t\t<\/div>\n\t\t<div class=\"elementor-element elementor-element-d5008fc e-flex e-con-boxed wpr-particle-no wpr-jarallax-no wpr-parallax-no wpr-sticky-section-no e-con e-parent\" data-id=\"d5008fc\" data-element_type=\"container\" data-settings=\"{&quot;container_type&quot;:&quot;flex&quot;,&quot;content_width&quot;:&quot;boxed&quot;}\" data-core-v316-plus=\"true\">\n\t\t\t\t\t<div class=\"e-con-inner\">\n\t\t\t\t<div class=\"elementor-element elementor-element-e354161 elementor-widget elementor-widget-text-editor\" data-id=\"e354161\" data-element_type=\"widget\" data-widget_type=\"text-editor.default\">\n\t\t\t\t<div class=\"elementor-widget-container\">\n\t\t\t\t\t\t\t<p style=\"text-align: center;\"><a href=\"https:\/\/cantikalchimie.com\/\"><span style=\"color: #333333;\">Retour \u00e0 l&rsquo;accueil \u2191<\/span><\/a><\/p>\t\t\t\t\t\t<\/div>\n\t\t\t\t<\/div>\n\t\t\t\t\t<\/div>\n\t\t\t\t<\/div>\n\t\t\t\t<\/div>\n\t\t","protected":false},"excerpt":{"rendered":"<p>ORIGINE DU BOIS P\u00c9TRIFI\u00c9 Ce vestige de l\u2019histoire de notre plan\u00e8te remonte \u00e0 quelques 200 millions d\u2019ann\u00e9es. Des temps anciens ou l&rsquo;unique continent se nommait Pangea, peupl\u00e9 des premiers dinosaures et de for\u00eats d&rsquo;arbres g\u00e9ants . Une alchimie entre le bois, l&rsquo;eau, les \u00e9ruptions volcaniques, les min\u00e9raux et l&rsquo;\u00e9rosion . La p\u00e9trification du bois est [&hellip;]<\/p>\n","protected":false},"author":1,"featured_media":0,"parent":0,"menu_order":0,"comment_status":"closed","ping_status":"closed","template":"","meta":{"footnotes":""},"class_list":["post-92","page","type-page","status-publish","hentry"],"_links":{"self":[{"href":"https:\/\/cantikalchimie.com\/index.php\/wp-json\/wp\/v2\/pages\/92","targetHints":{"allow":["GET"]}}],"collection":[{"href":"https:\/\/cantikalchimie.com\/index.php\/wp-json\/wp\/v2\/pages"}],"about":[{"href":"https:\/\/cantikalchimie.com\/index.php\/wp-json\/wp\/v2\/types\/page"}],"author":[{"embeddable":true,"href":"https:\/\/cantikalchimie.com\/index.php\/wp-json\/wp\/v2\/users\/1"}],"replies":[{"embeddable":true,"href":"https:\/\/cantikalchimie.com\/index.php\/wp-json\/wp\/v2\/comments?post=92"}],"version-history":[{"count":17,"href":"https:\/\/cantikalchimie.com\/index.php\/wp-json\/wp\/v2\/pages\/92\/revisions"}],"predecessor-version":[{"id":413,"href":"https:\/\/cantikalchimie.com\/index.php\/wp-json\/wp\/v2\/pages\/92\/revisions\/413"}],"wp:attachment":[{"href":"https:\/\/cantikalchimie.com\/index.php\/wp-json\/wp\/v2\/media?parent=92"}],"curies":[{"name":"wp","href":"https:\/\/api.w.org\/{rel}","templated":true}]}}